{"id":73,"date":"2024-11-21T15:57:18","date_gmt":"2024-11-21T21:57:18","guid":{"rendered":"https:\/\/goboxful.com\/el-salvador\/?page_id=73"},"modified":"2025-06-06T16:20:30","modified_gmt":"2025-06-06T22:20:30","slug":"politica-de-privacidad","status":"publish","type":"page","link":"https:\/\/goboxful.com\/honduras\/politica-de-privacidad\/","title":{"rendered":"Pol\u00edtica de privacidad"},"content":{"rendered":"<p>[et_pb_section fb_built=\u00bb1&#8243; admin_label=\u00bbsection\u00bb _builder_version=\u00bb4.16&#8243; global_colors_info=\u00bb{}\u00bb][et_pb_row admin_label=\u00bbrow\u00bb module_class=\u00bbdejar-espacio-para-el-menu\u00bb _builder_version=\u00bb4.27.4&#8243; background_size=\u00bbinitial\u00bb background_position=\u00bbtop_left\u00bb background_repeat=\u00bbrepeat\u00bb max_width=\u00bb80%\u00bb global_colors_info=\u00bb{}\u00bb][et_pb_column type=\u00bb4_4&#8243; _builder_version=\u00bb4.16&#8243; custom_padding=\u00bb|||\u00bb global_colors_info=\u00bb{}\u00bb custom_padding__hover=\u00bb|||\u00bb][et_pb_heading title=\u00bb@ET-DC@eyJkeW5hbWljIjp0cnVlLCJjb250ZW50IjoicG9zdF90aXRsZSIsInNldHRpbmdzIjp7ImJlZm9yZSI6IiIsImFmdGVyIjoiIn19@\u00bb _builder_version=\u00bb4.27.4&#8243; _dynamic_attributes=\u00bbtitle\u00bb _module_preset=\u00bbdefault\u00bb global_colors_info=\u00bb{}\u00bb][\/et_pb_heading][et_pb_text _builder_version=\u00bb4.27.4&#8243; _module_preset=\u00bbdefault\u00bb hover_enabled=\u00bb0&#8243; global_colors_info=\u00bb{}\u00bb sticky_enabled=\u00bb0&#8243;]<\/p>\n<h2>Utilizaci\u00f3n de la Informaci\u00f3n<\/h2>\n<p>La informaci\u00f3n que usted nos provea a trav\u00e9s del acceso, registro y creaci\u00f3n de perfil de usuario en el sitio y\/o en la plataforma, y\/o correo electr\u00f3nico, y\/o llenado de formularios o encuestas f\u00edsicos o electr\u00f3nicos, se procesar\u00e1 y ordenar\u00e1 para generar indicadores de datos, mismos que Boxful podr\u00e1 usar para tomar decisiones pertinentes a su negocio. Toda la informaci\u00f3n recopilada se utilizar\u00e1 con fines estad\u00edsticos, de manera gen\u00e9rica y no personalizada, y estar\u00e1 asociada con el crecimiento, mantenimiento y administraci\u00f3n de Boxful, respetando en todo momento su privacidad.<\/p>\n<p>Estos usos incluyen nuestras operaciones y administraci\u00f3n internas, la comunicaci\u00f3n con usted y el cumplimiento de las solicitudes de servicios y\/o productos provistos por Boxful, mantener actualizados nuestros registros a fin de poder responderle a sus consultas, as\u00ed como para mejorar, desarrollar, perfeccionar y proporcionar los servicios de Boxful, a trav\u00e9s de sus partes relacionadas, filiales, proveedores autorizados y\/o socios comerciales, estableciendo las medidas adecuadas para limitar el uso de la informaci\u00f3n recabada de usted, \u00fanicamente para fines legales y autorizados de conformidad con esta pol\u00edtica, as\u00ed como con las debidas medidas de confidencialidad y seguridad.<\/p>\n<p>&nbsp;<\/p>\n<h3>I. Datos Personales Recopilados<\/h3>\n<p>Nuestros clientes proporcionan Datos Personales a Boxful, de manera directa, indirecta, personal o a trav\u00e9s de sus subsidiarias, filiales, afiliadas, controladores y\/o aliadas comerciales, a trav\u00e9s de oficinas, tel\u00e9fono, correo electr\u00f3nico, aplicaciones m\u00f3viles, sitio web, WhatsApp, SMS y\/o en las ubicaciones de nuestras sucursales. Los Datos Personales que podr\u00edamos solicitarle incluyen:<\/p>\n<p>&nbsp;<\/p>\n<h4>Datos Personales Simples<\/h4>\n<ul>\n<li>Del Remitente: Nombre completo, identificaci\u00f3n oficial, domicilio, correo electr\u00f3nico, tel\u00e9fono.<\/li>\n<li>Del Destinatario: Nombre completo, domicilio, correo electr\u00f3nico, tel\u00e9fono.<\/li>\n<li>Para Facturaci\u00f3n: Nombre de persona natural o jur\u00eddica para facturar, n\u00famero de identificaci\u00f3n tributaria, n\u00famero de registro de contribuyente, correo electr\u00f3nico.<\/li>\n<\/ul>\n<p>&nbsp;<\/p>\n<h4>Datos Personales Sensibles Patrimoniales<\/h4>\n<ul>\n<li>Para el pago: (i) cuenta bancaria (instituci\u00f3n bancaria, n\u00famero de cuenta, SWIFT, sucursal), o (ii) mediante el motor de pagos de [Paypal, Servinco, Stripe, u otros que se agreguen].<\/li>\n<\/ul>\n<p>Boxful tambi\u00e9n podr\u00e1 recabar su direcci\u00f3n IP (Internet Protocol) para ayudar a diagnosticar problemas con su servidor y para administrar el sitio y la plataforma. Una direcci\u00f3n IP es un n\u00famero que se le asigna a su computadora cuando usa Internet. Boxful podr\u00e1 usar tecnolog\u00eda \u00abpush\u00bb a trav\u00e9s de la aplicaci\u00f3n para enviar notificaciones con autorizaci\u00f3n previa del Usuario. Este medio de comunicaci\u00f3n no tiene ning\u00fan tipo de acceso a otras funciones o informaci\u00f3n del equipo con el que se conecta al sitio.<\/p>\n<p>&nbsp;<\/p>\n<h3>Uso de Cookies<\/h3>\n<p>Para obtener mayor informaci\u00f3n de usted, podemos utilizar cookies, web beacons y\/o elementos tecnol\u00f3gicos similares, con los cuales es posible monitorear comportamientos del usuario de Internet, como tipo de navegador y sistema operativo, p\u00e1ginas visitadas, enlaces que sigue, direcci\u00f3n IP, sitios que visit\u00f3 antes de entrar a nuestro sitio, reconocimiento de usuarios y medici\u00f3n de algunos par\u00e1metros de tr\u00e1fico. Estas tecnolog\u00edas pueden ser deshabilitadas mediante los procedimientos siguientes, seg\u00fan el navegador utilizado:<\/p>\n<ul>\n<li><a href=\"https:\/\/privacy.microsoft.com\/es-ES\/windows-10-microsoft-edge-and-privacy\" target=\"_blank\" rel=\"noopener\">Internet Edge<\/a><\/li>\n<li><a href=\"https:\/\/support.microsoft.com\/es-mx\/help\/17442\/windows-internet-explorer-delete-manage-cookies\" target=\"_blank\" rel=\"noopener\">Internet Explorer<\/a><\/li>\n<li><a href=\"http:\/\/support.mozilla.org\/es\/kb\/Habilitar%20y%20deshabilitar%20cookies?s=deshabilitar+cookies&amp;r=0&amp;e=es&amp;as=s\" target=\"_blank\" rel=\"noopener\">Firefox<\/a><\/li>\n<li><a href=\"http:\/\/help.opera.com\/Windows\/11.50\/es-ES\/cookies.html\" target=\"_blank\" rel=\"noopener\">Opera<\/a><\/li>\n<li><a href=\"https:\/\/support.apple.com\/es-es\/HT201265\" target=\"_blank\" rel=\"noopener\">Safari para iPad, iPhone e iPod Touch<\/a><\/li>\n<li><a href=\"https:\/\/support.apple.com\/kb\/ph21411?locale=es_MX\" target=\"_blank\" rel=\"noopener\">Safari para MAC<\/a><\/li>\n<li><a href=\"http:\/\/support.google.com\/chrome\/bin\/answer.py?hl=es&amp;answer=95647\" target=\"_blank\" rel=\"noopener\">Chrome<\/a><\/li>\n<li>Para obtener mayor informaci\u00f3n sobre las cookies, visite <a href=\"http:\/\/www.allaboutcookies.org\" target=\"_blank\" rel=\"noopener\">All About Cookies<\/a>.<\/li>\n<\/ul>\n<p>&nbsp;<\/p>\n<h3>Transferencia de Datos Personales<\/h3>\n<p>Boxful podr\u00e1 transferir sus Datos Personales dentro y fuera del pa\u00eds para cumplir con los servicios contratados. Esta transferencia podr\u00e1 ser a:<\/p>\n<ul>\n<li>Las empresas del mismo grupo.<\/li>\n<li>Empresas de mensajer\u00eda y paqueter\u00eda para cumplir con lo contratado por el cliente.<\/li>\n<li>Proveedores de servicios y subcontratistas contratados para funciones en nuestro nombre o para proporcionarnos servicios. Tales proveedores de servicios no recabar\u00e1n, usar\u00e1n o revelar\u00e1n informaci\u00f3n personal para otro prop\u00f3sito que no sea el de efectuar tales funciones en nuestro nombre o de la forma en que la ley lo requiera.<\/li>\n<li>Terceros cuidadosamente seleccionados para enviarle informaci\u00f3n de mercadotecnia y promociones de terceros. Dichas organizaciones est\u00e1n regidas por obligaciones de confidencialidad y restricciones sobre el uso de informaci\u00f3n.<\/li>\n<\/ul>\n<p>&nbsp;<\/p>\n<h3>Seguridad y Confidencialidad<\/h3>\n<p>Boxful protege la confidencialidad de los Datos Personales con medidas de seguridad administrativas, t\u00e9cnicas y f\u00edsicas, para evitar da\u00f1o, p\u00e9rdida, alteraci\u00f3n, destrucci\u00f3n, uso, acceso o divulgaci\u00f3n indebidos. Los Datos Personales se encuentran en una base de datos interna cuya administraci\u00f3n es a trav\u00e9s de claves de acceso que cambian peri\u00f3dicamente y cuyo acceso est\u00e1 restringido a personas autorizadas.<\/p>\n<p>&nbsp;<\/p>\n<h3>V. Cambios o Modificaciones al Aviso de Privacidad<\/h3>\n<p>Cualquier modificaci\u00f3n a esta Pol\u00edtica de Privacidad se har\u00e1 de su conocimiento en este mismo sitio web: <a href=\"https:\/\/www.goboxful.com\" target=\"_blank\" rel=\"noopener\">www.goboxful.com<\/a>, sin que sea necesario comunicar dicha modificaci\u00f3n al usuario.<\/p>\n<p>[\/et_pb_text][\/et_pb_column][\/et_pb_row][\/et_pb_section]<\/p>\n","protected":false},"excerpt":{"rendered":"<p>Utilizaci\u00f3n de la Informaci\u00f3n La informaci\u00f3n que usted nos provea a trav\u00e9s del acceso, registro y creaci\u00f3n de perfil de usuario en el sitio y\/o en la plataforma, y\/o correo electr\u00f3nico, y\/o llenado de formularios o encuestas f\u00edsicos o electr\u00f3nicos, se procesar\u00e1 y ordenar\u00e1 para generar indicadores de datos, mismos que Boxful podr\u00e1 usar para [&hellip;]<\/p>\n","protected":false},"author":2,"featured_media":0,"parent":0,"menu_order":0,"comment_status":"closed","ping_status":"closed","template":"","meta":{"_et_pb_use_builder":"on","_et_pb_old_content":"<!-- wp:heading -->\r\n<h2 class=\"wp-block-heading\">Qui\u00e9nes somos<\/h2>\r\n<!-- \/wp:heading -->\r\n\r\n<!-- wp:paragraph -->\r\n<p><strong class=\"privacy-policy-tutorial\">Texto sugerido: <\/strong>La direcci\u00f3n de nuestra web es: https:\/\/www.demopreviews.com.<\/p>\r\n<!-- \/wp:paragraph -->\r\n\r\n<!-- wp:heading -->\r\n<h2 class=\"wp-block-heading\">Comentarios<\/h2>\r\n<!-- \/wp:heading -->\r\n\r\n<!-- wp:paragraph -->\r\n<p><strong class=\"privacy-policy-tutorial\">Texto sugerido: <\/strong>Cuando los visitantes dejan comentarios en la web, recopilamos los datos que se muestran en el formulario de comentarios, as\u00ed como la direcci\u00f3n IP del visitante y la cadena de agentes de usuario del navegador para ayudar a la detecci\u00f3n de spam.<\/p>\r\n<!-- \/wp:paragraph -->\r\n\r\n<!-- wp:paragraph -->\r\n<p>Una cadena an\u00f3nima creada a partir de tu direcci\u00f3n de correo electr\u00f3nico (tambi\u00e9n llamada hash) puede ser proporcionada al servicio de Gravatar para ver si la est\u00e1s usando. La pol\u00edtica de privacidad del servicio Gravatar est\u00e1 disponible aqu\u00ed: https:\/\/automattic.com\/privacy\/. Despu\u00e9s de la aprobaci\u00f3n de tu comentario, la imagen de tu perfil es visible para el p\u00fablico en el contexto de su comentario.<\/p>\r\n<!-- \/wp:paragraph -->\r\n\r\n<!-- wp:heading -->\r\n<h2 class=\"wp-block-heading\">Medios<\/h2>\r\n<!-- \/wp:heading -->\r\n\r\n<!-- wp:paragraph -->\r\n<p><strong class=\"privacy-policy-tutorial\">Texto sugerido: <\/strong>Si subes im\u00e1genes a la web deber\u00edas evitar subir im\u00e1genes con datos de ubicaci\u00f3n (GPS EXIF) incluidos. Los visitantes de la web pueden descargar y extraer cualquier dato de localizaci\u00f3n de las im\u00e1genes de la web.<\/p>\r\n<!-- \/wp:paragraph -->\r\n\r\n<!-- wp:heading -->\r\n<h2 class=\"wp-block-heading\">Cookies<\/h2>\r\n<!-- \/wp:heading -->\r\n\r\n<!-- wp:paragraph -->\r\n<p><strong class=\"privacy-policy-tutorial\">Texto sugerido: <\/strong>Si dejas un comentario en nuestro sitio puedes elegir guardar tu nombre, direcci\u00f3n de correo electr\u00f3nico y web en cookies. Esto es para tu comodidad, para que no tengas que volver a rellenar tus datos cuando dejes otro comentario. Estas cookies tendr\u00e1n una duraci\u00f3n de un a\u00f1o.<\/p>\r\n<!-- \/wp:paragraph -->\r\n\r\n<!-- wp:paragraph -->\r\n<p>Si tienes una cuenta y te conectas a este sitio, instalaremos una cookie temporal para determinar si tu navegador acepta cookies. Esta cookie no contiene datos personales y se elimina al cerrar el navegador.<\/p>\r\n<!-- \/wp:paragraph -->\r\n\r\n<!-- wp:paragraph -->\r\n<p>Cuando inicias sesi\u00f3n, tambi\u00e9n instalaremos varias cookies para guardar tu informaci\u00f3n de inicio de sesi\u00f3n y tus opciones de visualizaci\u00f3n de pantalla. Las cookies de inicio de sesi\u00f3n duran dos d\u00edas, y las cookies de opciones de pantalla duran un a\u00f1o. Si seleccionas \"Recordarme\", tu inicio de sesi\u00f3n perdurar\u00e1 durante dos semanas. Si sales de tu cuenta, las cookies de inicio de sesi\u00f3n se eliminar\u00e1n.<\/p>\r\n<!-- \/wp:paragraph -->\r\n\r\n<!-- wp:paragraph -->\r\n<p>Si editas o publicas un art\u00edculo se guardar\u00e1 una cookie adicional en tu navegador. Esta cookie no incluye datos personales y simplemente indica el ID del art\u00edculo que acabas de editar. Caduca despu\u00e9s de 1 d\u00eda.<\/p>\r\n<!-- \/wp:paragraph -->\r\n\r\n<!-- wp:heading -->\r\n<h2 class=\"wp-block-heading\">Contenido incrustado de otros sitios web<\/h2>\r\n<!-- \/wp:heading -->\r\n\r\n<!-- wp:paragraph -->\r\n<p><strong class=\"privacy-policy-tutorial\">Texto sugerido: <\/strong>Los art\u00edculos de este sitio pueden incluir contenido incrustado (por ejemplo, v\u00eddeos, im\u00e1genes, art\u00edculos, etc.). El contenido incrustado de otras web se comporta exactamente de la misma manera que si el visitante hubiera visitado la otra web.<\/p>\r\n<!-- \/wp:paragraph -->\r\n\r\n<!-- wp:paragraph -->\r\n<p>Estas web pueden recopilar datos sobre ti, utilizar cookies, incrustar un seguimiento adicional de terceros, y supervisar tu interacci\u00f3n con ese contenido incrustado, incluido el seguimiento de tu interacci\u00f3n con el contenido incrustado si tienes una cuenta y est\u00e1s conectado a esa web.<\/p>\r\n<!-- \/wp:paragraph -->\r\n\r\n<!-- wp:heading -->\r\n<h2 class=\"wp-block-heading\">Con qui\u00e9n compartimos tus datos<\/h2>\r\n<!-- \/wp:heading -->\r\n\r\n<!-- wp:paragraph -->\r\n<p><strong class=\"privacy-policy-tutorial\">Texto sugerido: <\/strong>Si solicitas un restablecimiento de contrase\u00f1a, tu direcci\u00f3n IP ser\u00e1 incluida en el correo electr\u00f3nico de restablecimiento.<\/p>\r\n<!-- \/wp:paragraph -->\r\n\r\n<!-- wp:heading -->\r\n<h2 class=\"wp-block-heading\">Cu\u00e1nto tiempo conservamos tus datos<\/h2>\r\n<!-- \/wp:heading -->\r\n\r\n<!-- wp:paragraph -->\r\n<p><strong class=\"privacy-policy-tutorial\">Texto sugerido: <\/strong>Si dejas un comentario, el comentario y sus metadatos se conservan indefinidamente. Esto es para que podamos reconocer y aprobar comentarios sucesivos autom\u00e1ticamente en lugar de mantenerlos en una cola de moderaci\u00f3n.<\/p>\r\n<!-- \/wp:paragraph -->\r\n\r\n<!-- wp:paragraph -->\r\n<p>De los usuarios que se registran en nuestra web (si los hay), tambi\u00e9n almacenamos la informaci\u00f3n personal que proporcionan en su perfil de usuario. Todos los usuarios pueden ver, editar o eliminar su informaci\u00f3n personal en cualquier momento (excepto que no pueden cambiar su nombre de usuario). Los administradores de la web tambi\u00e9n pueden ver y editar esa informaci\u00f3n.<\/p>\r\n<!-- \/wp:paragraph -->\r\n\r\n<!-- wp:heading -->\r\n<h2 class=\"wp-block-heading\">Qu\u00e9 derechos tienes sobre tus datos<\/h2>\r\n<!-- \/wp:heading -->\r\n\r\n<!-- wp:paragraph -->\r\n<p><strong class=\"privacy-policy-tutorial\">Texto sugerido: <\/strong>Si tienes una cuenta o has dejado comentarios en esta web, puedes solicitar recibir un archivo de exportaci\u00f3n de los datos personales que tenemos sobre ti, incluyendo cualquier dato que nos hayas proporcionado. Tambi\u00e9n puedes solicitar que eliminemos cualquier dato personal que tengamos sobre ti. Esto no incluye ning\u00fan dato que estemos obligados a conservar con fines administrativos, legales o de seguridad.<\/p>\r\n<!-- \/wp:paragraph -->\r\n\r\n<!-- wp:heading -->\r\n<h2 class=\"wp-block-heading\">D\u00f3nde se env\u00edan tus datos<\/h2>\r\n<!-- \/wp:heading -->\r\n\r\n<!-- wp:paragraph -->\r\n<p><strong class=\"privacy-policy-tutorial\">Texto sugerido: <\/strong>Los comentarios de los visitantes puede que los revise un servicio de detecci\u00f3n autom\u00e1tica de spam.<\/p>\r\n<!-- \/wp:paragraph -->\r\n<p>&nbsp;<\/p>","_et_gb_content_width":"","footnotes":""},"difl_page_category":[],"class_list":["post-73","page","type-page","status-publish","hentry"],"yoast_head":"<!-- This site is optimized with the Yoast SEO plugin v25.1 - https:\/\/yoast.com\/wordpress\/plugins\/seo\/ -->\n<title>Pol\u00edtica de privacidad - boxful Honduras<\/title>\n<meta name=\"robots\" content=\"index, follow, max-snippet:-1, max-image-preview:large, max-video-preview:-1\" \/>\n<link rel=\"canonical\" href=\"https:\/\/goboxful.com\/honduras\/politica-de-privacidad\/\" \/>\n<meta property=\"og:locale\" content=\"es_ES\" \/>\n<meta property=\"og:type\" content=\"article\" \/>\n<meta property=\"og:title\" content=\"Pol\u00edtica de privacidad - boxful Honduras\" \/>\n<meta property=\"og:description\" content=\"Utilizaci\u00f3n de la Informaci\u00f3n La informaci\u00f3n que usted nos provea a trav\u00e9s del acceso, registro y creaci\u00f3n de perfil de usuario en el sitio y\/o en la plataforma, y\/o correo electr\u00f3nico, y\/o llenado de formularios o encuestas f\u00edsicos o electr\u00f3nicos, se procesar\u00e1 y ordenar\u00e1 para generar indicadores de datos, mismos que Boxful podr\u00e1 usar para [&hellip;]\" \/>\n<meta property=\"og:url\" content=\"https:\/\/goboxful.com\/honduras\/politica-de-privacidad\/\" \/>\n<meta property=\"og:site_name\" content=\"boxful Honduras\" \/>\n<meta property=\"article:modified_time\" content=\"2025-06-06T22:20:30+00:00\" \/>\n<meta property=\"og:image\" content=\"https:\/\/goboxful.com\/honduras\/wp-content\/uploads\/sites\/4\/2025\/07\/Opengraph-Boxful-2025-2-1.jpg\" \/>\n\t<meta property=\"og:image:width\" content=\"1920\" \/>\n\t<meta property=\"og:image:height\" content=\"1008\" \/>\n\t<meta property=\"og:image:type\" content=\"image\/jpeg\" \/>\n<meta name=\"twitter:card\" content=\"summary_large_image\" \/>\n<meta name=\"twitter:label1\" content=\"Tiempo de lectura\" \/>\n\t<meta name=\"twitter:data1\" content=\"3 minutos\" \/>\n<script type=\"application\/ld+json\" class=\"yoast-schema-graph\">{\"@context\":\"https:\/\/schema.org\",\"@graph\":[{\"@type\":\"WebPage\",\"@id\":\"https:\/\/goboxful.com\/honduras\/politica-de-privacidad\/\",\"url\":\"https:\/\/goboxful.com\/honduras\/politica-de-privacidad\/\",\"name\":\"Pol\u00edtica de privacidad - boxful Honduras\",\"isPartOf\":{\"@id\":\"https:\/\/goboxful.com\/honduras\/#website\"},\"datePublished\":\"2024-11-21T21:57:18+00:00\",\"dateModified\":\"2025-06-06T22:20:30+00:00\",\"breadcrumb\":{\"@id\":\"https:\/\/goboxful.com\/honduras\/politica-de-privacidad\/#breadcrumb\"},\"inLanguage\":\"es\",\"potentialAction\":[{\"@type\":\"ReadAction\",\"target\":[\"https:\/\/goboxful.com\/honduras\/politica-de-privacidad\/\"]}]},{\"@type\":\"BreadcrumbList\",\"@id\":\"https:\/\/goboxful.com\/honduras\/politica-de-privacidad\/#breadcrumb\",\"itemListElement\":[{\"@type\":\"ListItem\",\"position\":1,\"name\":\"Portada\",\"item\":\"https:\/\/goboxful.com\/honduras\/\"},{\"@type\":\"ListItem\",\"position\":2,\"name\":\"Pol\u00edtica de privacidad\"}]},{\"@type\":\"WebSite\",\"@id\":\"https:\/\/goboxful.com\/honduras\/#website\",\"url\":\"https:\/\/goboxful.com\/honduras\/\",\"name\":\"boxful Honduras\",\"description\":\"Hacemos el  e-commerce accesible para todos\",\"potentialAction\":[{\"@type\":\"SearchAction\",\"target\":{\"@type\":\"EntryPoint\",\"urlTemplate\":\"https:\/\/goboxful.com\/honduras\/?s={search_term_string}\"},\"query-input\":{\"@type\":\"PropertyValueSpecification\",\"valueRequired\":true,\"valueName\":\"search_term_string\"}}],\"inLanguage\":\"es\"}]}<\/script>\n<!-- \/ Yoast SEO plugin. -->","yoast_head_json":{"title":"Pol\u00edtica de privacidad - boxful Honduras","robots":{"index":"index","follow":"follow","max-snippet":"max-snippet:-1","max-image-preview":"max-image-preview:large","max-video-preview":"max-video-preview:-1"},"canonical":"https:\/\/goboxful.com\/honduras\/politica-de-privacidad\/","og_locale":"es_ES","og_type":"article","og_title":"Pol\u00edtica de privacidad - boxful Honduras","og_description":"Utilizaci\u00f3n de la Informaci\u00f3n La informaci\u00f3n que usted nos provea a trav\u00e9s del acceso, registro y creaci\u00f3n de perfil de usuario en el sitio y\/o en la plataforma, y\/o correo electr\u00f3nico, y\/o llenado de formularios o encuestas f\u00edsicos o electr\u00f3nicos, se procesar\u00e1 y ordenar\u00e1 para generar indicadores de datos, mismos que Boxful podr\u00e1 usar para [&hellip;]","og_url":"https:\/\/goboxful.com\/honduras\/politica-de-privacidad\/","og_site_name":"boxful Honduras","article_modified_time":"2025-06-06T22:20:30+00:00","og_image":[{"width":1920,"height":1008,"url":"https:\/\/goboxful.com\/honduras\/wp-content\/uploads\/sites\/4\/2025\/07\/Opengraph-Boxful-2025-2-1.jpg","type":"image\/jpeg"}],"twitter_card":"summary_large_image","twitter_misc":{"Tiempo de lectura":"3 minutos"},"schema":{"@context":"https:\/\/schema.org","@graph":[{"@type":"WebPage","@id":"https:\/\/goboxful.com\/honduras\/politica-de-privacidad\/","url":"https:\/\/goboxful.com\/honduras\/politica-de-privacidad\/","name":"Pol\u00edtica de privacidad - boxful Honduras","isPartOf":{"@id":"https:\/\/goboxful.com\/honduras\/#website"},"datePublished":"2024-11-21T21:57:18+00:00","dateModified":"2025-06-06T22:20:30+00:00","breadcrumb":{"@id":"https:\/\/goboxful.com\/honduras\/politica-de-privacidad\/#breadcrumb"},"inLanguage":"es","potentialAction":[{"@type":"ReadAction","target":["https:\/\/goboxful.com\/honduras\/politica-de-privacidad\/"]}]},{"@type":"BreadcrumbList","@id":"https:\/\/goboxful.com\/honduras\/politica-de-privacidad\/#breadcrumb","itemListElement":[{"@type":"ListItem","position":1,"name":"Portada","item":"https:\/\/goboxful.com\/honduras\/"},{"@type":"ListItem","position":2,"name":"Pol\u00edtica de privacidad"}]},{"@type":"WebSite","@id":"https:\/\/goboxful.com\/honduras\/#website","url":"https:\/\/goboxful.com\/honduras\/","name":"boxful Honduras","description":"Hacemos el  e-commerce accesible para todos","potentialAction":[{"@type":"SearchAction","target":{"@type":"EntryPoint","urlTemplate":"https:\/\/goboxful.com\/honduras\/?s={search_term_string}"},"query-input":{"@type":"PropertyValueSpecification","valueRequired":true,"valueName":"search_term_string"}}],"inLanguage":"es"}]}},"_links":{"self":[{"href":"https:\/\/goboxful.com\/honduras\/wp-json\/wp\/v2\/pages\/73","targetHints":{"allow":["GET"]}}],"collection":[{"href":"https:\/\/goboxful.com\/honduras\/wp-json\/wp\/v2\/pages"}],"about":[{"href":"https:\/\/goboxful.com\/honduras\/wp-json\/wp\/v2\/types\/page"}],"author":[{"embeddable":true,"href":"https:\/\/goboxful.com\/honduras\/wp-json\/wp\/v2\/users\/2"}],"replies":[{"embeddable":true,"href":"https:\/\/goboxful.com\/honduras\/wp-json\/wp\/v2\/comments?post=73"}],"version-history":[{"count":4,"href":"https:\/\/goboxful.com\/honduras\/wp-json\/wp\/v2\/pages\/73\/revisions"}],"predecessor-version":[{"id":2533,"href":"https:\/\/goboxful.com\/honduras\/wp-json\/wp\/v2\/pages\/73\/revisions\/2533"}],"wp:attachment":[{"href":"https:\/\/goboxful.com\/honduras\/wp-json\/wp\/v2\/media?parent=73"}],"wp:term":[{"taxonomy":"difl_page_category","embeddable":true,"href":"https:\/\/goboxful.com\/honduras\/wp-json\/wp\/v2\/difl_page_category?post=73"}],"curies":[{"name":"wp","href":"https:\/\/api.w.org\/{rel}","templated":true}]}}